{"id":7,"date":"2023-08-16T18:20:11","date_gmt":"2023-08-16T16:20:11","guid":{"rendered":"http:\/\/nelidasaiz.es\/?page_id=7"},"modified":"2023-08-29T15:13:10","modified_gmt":"2023-08-29T13:13:10","slug":"sobre-mi","status":"publish","type":"page","link":"https:\/\/nelidasaiz.es\/?page_id=7","title":{"rendered":"Sobre m\u00ed"},"content":{"rendered":"\n<p><\/p>\n\n\n\n<p><\/p>\n\n\n\n<p class=\"has-text-align-center has-medium-font-size\">La verdad sobre m\u00ed, es que la fotograf\u00eda se ha convertido en algo m\u00e1s que un trabajo, es una pasi\u00f3n, una forma de vivir, de sentir y de transmitir. <\/p>\n\n\n\n<p class=\"has-text-align-center has-medium-font-size\">Me dedico a hacer fotograf\u00eda, sin m\u00e1s, indistintamente de lo que fotograf\u00ede. Intento reflejar la realidad, lo visible en cada momento, sin poses forzadas o estereotipos.<\/p>\n\n\n\n<p class=\"has-text-align-center has-medium-font-size\">Me gustan las cosas tal y como son. La belleza est\u00e1 en la sencillez y una imagen debe ser sencilla, limpia y que represente un sentimiento, un momento, ese \u201calgo\u201d que nadie sabe explicar pero que soy capaz de ver. <strong>Todo se reduce a ser natural y espont\u00e1neo. <\/strong><\/p>\n\n\n\n<p class=\"has-text-align-center has-medium-font-size\">Mis fotos hablan de c\u00f3mo soy y de lo que veo en vosotros, si te apetece conocerme un poco m\u00e1s, estar\u00e9 encantada de recibiros!<\/p>\n\n\n\n<figure class=\"wp-block-image alignfull size-large\"><img loading=\"lazy\" decoding=\"async\" width=\"1024\" height=\"623\" src=\"http:\/\/nelidasaiz.es\/wp-content\/uploads\/2023\/08\/AUTORETRATO-CLAVEL-39541-1024x623.jpg\" alt=\"\" class=\"wp-image-825\" srcset=\"https:\/\/nelidasaiz.es\/wp-content\/uploads\/2023\/08\/AUTORETRATO-CLAVEL-39541-1024x623.jpg 1024w, https:\/\/nelidasaiz.es\/wp-content\/uploads\/2023\/08\/AUTORETRATO-CLAVEL-39541-300x182.jpg 300w, https:\/\/nelidasaiz.es\/wp-content\/uploads\/2023\/08\/AUTORETRATO-CLAVEL-39541-768x467.jpg 768w, https:\/\/nelidasaiz.es\/wp-content\/uploads\/2023\/08\/AUTORETRATO-CLAVEL-39541-1536x934.jpg 1536w, https:\/\/nelidasaiz.es\/wp-content\/uploads\/2023\/08\/AUTORETRATO-CLAVEL-39541-2048x1246.jpg 2048w\" sizes=\"auto, (max-width: 1024px) 100vw, 1024px\" \/><\/figure>\n\n\n\n<div class=\"wp-block-buttons alignwide is-layout-flex wp-block-buttons-is-layout-flex\"><\/div>\n\n\n        <div class='wp-block-getwid-contact-form'>\r\n            <form class='wp-block-getwid-contact-form__form'>\r\n    \n        <p class='wp-block-getwid-field-name'>\r\n\t    <label\r\n        for='name-69e154df2056e'\r\n        class='wp-block-getwid-field-name__label'\r\n    >Nombre<\/label>\r\n\t    <input id='name-69e154df2056e' type='text' name='name'            required=''\r\n            \/>\r\n<\/p>\r\n\n\n        <p class='wp-block-getwid-field-email'>\r\n\t    <label\r\n\t\tfor='email-69e154df21cb6'\r\n        class='wp-block-getwid-field-email__label'\r\n    >Direcci\u00f3n de correo electr\u00f3nico<\/label>\r\n\t    <input id='email-69e154df21cb6' type='email' name='email'             required=''    \/>\r\n<\/p>\r\n\n\n        <p class='wp-block-getwid-field-textarea'>\r\n\t    <label\r\n\t\tfor='message-69e154df21ee1'\r\n        class='wp-block-getwid-field-textarea__label'\r\n    >Mensaje<\/label>\r\n\t    <textarea\r\n\t\tid='message-69e154df21ee1' rows='5' name='message'            required=''\r\n            ><\/textarea>\r\n<\/p>\r\n\n\r\n    <input name='subject' \t\ttype='hidden'\r\n\t\/>\r\n\r\n\t<p class='wp-block-getwid-contact-form__result'><\/p>\r\n\r\n\t<div class='wp-block-getwid-contact-form__submit'>\r\n\t\t<div class='wp-block-button'>\r\n\t\t\t<button\r\n\t\t\t\ttype='submit'\r\n\t\t\t\tclass='wp-block-button__link '\t\t\t\t\tstyle=''\t\t\t>ENVIAR<\/button>\r\n\t\t<\/div>\r\n\r\n\t<\/div>\r\n<\/form>\r\n        <\/div>","protected":false},"excerpt":{"rendered":"<p>La verdad sobre m\u00ed, es que la fotograf\u00eda se ha convertido en algo m\u00e1s que un trabajo, es una pasi\u00f3n, una forma de vivir, de sentir y de transmitir. Me dedico a hacer fotograf\u00eda, sin m\u00e1s, indistintamente de lo que fotograf\u00ede. Intento reflejar la realidad, lo visible en cada momento, sin poses forzadas o estereotipos. [&hellip;]<\/p>\n","protected":false},"author":1,"featured_media":0,"parent":0,"menu_order":0,"comment_status":"closed","ping_status":"closed","template":"","meta":{"footnotes":""},"class_list":["post-7","page","type-page","status-publish","hentry"],"blocksy_meta":"","_links":{"self":[{"href":"https:\/\/nelidasaiz.es\/index.php?rest_route=\/wp\/v2\/pages\/7","targetHints":{"allow":["GET"]}}],"collection":[{"href":"https:\/\/nelidasaiz.es\/index.php?rest_route=\/wp\/v2\/pages"}],"about":[{"href":"https:\/\/nelidasaiz.es\/index.php?rest_route=\/wp\/v2\/types\/page"}],"author":[{"embeddable":true,"href":"https:\/\/nelidasaiz.es\/index.php?rest_route=\/wp\/v2\/users\/1"}],"replies":[{"embeddable":true,"href":"https:\/\/nelidasaiz.es\/index.php?rest_route=%2Fwp%2Fv2%2Fcomments&post=7"}],"version-history":[{"count":17,"href":"https:\/\/nelidasaiz.es\/index.php?rest_route=\/wp\/v2\/pages\/7\/revisions"}],"predecessor-version":[{"id":826,"href":"https:\/\/nelidasaiz.es\/index.php?rest_route=\/wp\/v2\/pages\/7\/revisions\/826"}],"wp:attachment":[{"href":"https:\/\/nelidasaiz.es\/index.php?rest_route=%2Fwp%2Fv2%2Fmedia&parent=7"}],"curies":[{"name":"wp","href":"https:\/\/api.w.org\/{rel}","templated":true}]}}