{"id":21,"date":"2023-08-29T21:24:24","date_gmt":"2023-08-29T19:24:24","guid":{"rendered":"http:\/\/nelidasaiz.es\/?page_id=21"},"modified":"2023-08-29T23:36:12","modified_gmt":"2023-08-29T21:36:12","slug":"inicio","status":"publish","type":"page","link":"https:\/\/nelidasaiz.es\/","title":{"rendered":"INICIO"},"content":{"rendered":"\n<div class=\"wp-block-columns is-layout-flex wp-container-core-columns-is-layout-28f84493 wp-block-columns-is-layout-flex\">\n<div class=\"wp-block-column is-layout-flow wp-block-column-is-layout-flow\" style=\"flex-basis:25%\"><\/div>\n\n\n\n<div class=\"wp-block-column is-layout-constrained wp-block-column-is-layout-constrained\" style=\"flex-basis:50%\">\n<p class=\"has-text-align-center has-medium-font-size\">Llevo m\u00e1s de 10 a\u00f1os capturando los mejores momentos de vuestra vida. Y, para m\u00ed no hay mejor recuerdo que una buena fotograf\u00eda. <\/p>\n\n\n\n<p class=\"has-text-align-center has-medium-font-size\">Vuelco toda la pasi\u00f3n  para entregar la excelencia en cada uno de los encargos que realizo y, es ah\u00ed donde reside la clave del \u00e9xito.<\/p>\n<\/div>\n\n\n\n<div class=\"wp-block-column is-layout-flow wp-block-column-is-layout-flow\" style=\"flex-basis:25%\"><\/div>\n<\/div>\n\n\n\n<figure class=\"wp-block-gallery has-nested-images columns-default is-cropped wp-block-gallery-1 is-layout-flex wp-block-gallery-is-layout-flex\">\n<figure class=\"wp-block-image alignfull size-large\"><img loading=\"lazy\" decoding=\"async\" width=\"683\" height=\"1024\" data-id=\"810\" src=\"http:\/\/nelidasaiz.es\/wp-content\/uploads\/2023\/08\/4M2A3044-683x1024.jpg\" alt=\"\" class=\"wp-image-810\" srcset=\"https:\/\/nelidasaiz.es\/wp-content\/uploads\/2023\/08\/4M2A3044-683x1024.jpg 683w, https:\/\/nelidasaiz.es\/wp-content\/uploads\/2023\/08\/4M2A3044-200x300.jpg 200w, https:\/\/nelidasaiz.es\/wp-content\/uploads\/2023\/08\/4M2A3044-768x1151.jpg 768w, https:\/\/nelidasaiz.es\/wp-content\/uploads\/2023\/08\/4M2A3044-1025x1536.jpg 1025w, https:\/\/nelidasaiz.es\/wp-content\/uploads\/2023\/08\/4M2A3044-1366x2048.jpg 1366w, https:\/\/nelidasaiz.es\/wp-content\/uploads\/2023\/08\/4M2A3044-scaled.jpg 1708w\" sizes=\"auto, (max-width: 683px) 100vw, 683px\" \/><\/figure>\n\n\n\n<figure class=\"wp-block-image size-large\"><img loading=\"lazy\" decoding=\"async\" width=\"683\" height=\"1024\" data-id=\"820\" src=\"http:\/\/nelidasaiz.es\/wp-content\/uploads\/2023\/08\/EMBARAZO-LORENA0625-683x1024.jpg\" alt=\"\" class=\"wp-image-820\" srcset=\"https:\/\/nelidasaiz.es\/wp-content\/uploads\/2023\/08\/EMBARAZO-LORENA0625-683x1024.jpg 683w, https:\/\/nelidasaiz.es\/wp-content\/uploads\/2023\/08\/EMBARAZO-LORENA0625-200x300.jpg 200w, https:\/\/nelidasaiz.es\/wp-content\/uploads\/2023\/08\/EMBARAZO-LORENA0625-768x1152.jpg 768w, https:\/\/nelidasaiz.es\/wp-content\/uploads\/2023\/08\/EMBARAZO-LORENA0625-1024x1536.jpg 1024w, https:\/\/nelidasaiz.es\/wp-content\/uploads\/2023\/08\/EMBARAZO-LORENA0625.jpg 1318w\" sizes=\"auto, (max-width: 683px) 100vw, 683px\" \/><\/figure>\n\n\n\n<figure class=\"wp-block-image size-large\"><img loading=\"lazy\" decoding=\"async\" width=\"683\" height=\"1024\" data-id=\"813\" src=\"http:\/\/nelidasaiz.es\/wp-content\/uploads\/2023\/08\/EMBARAZO-LORENA0377-683x1024.jpg\" alt=\"\" class=\"wp-image-813\" srcset=\"https:\/\/nelidasaiz.es\/wp-content\/uploads\/2023\/08\/EMBARAZO-LORENA0377-683x1024.jpg 683w, https:\/\/nelidasaiz.es\/wp-content\/uploads\/2023\/08\/EMBARAZO-LORENA0377-200x300.jpg 200w, https:\/\/nelidasaiz.es\/wp-content\/uploads\/2023\/08\/EMBARAZO-LORENA0377-768x1152.jpg 768w, https:\/\/nelidasaiz.es\/wp-content\/uploads\/2023\/08\/EMBARAZO-LORENA0377-1024x1536.jpg 1024w, https:\/\/nelidasaiz.es\/wp-content\/uploads\/2023\/08\/EMBARAZO-LORENA0377.jpg 1299w\" sizes=\"auto, (max-width: 683px) 100vw, 683px\" \/><\/figure>\n\n\n\n<figure class=\"wp-block-image size-large\"><img loading=\"lazy\" decoding=\"async\" width=\"1024\" height=\"676\" data-id=\"814\" src=\"http:\/\/nelidasaiz.es\/wp-content\/uploads\/2023\/08\/4M2A1697-1-1024x676.jpg\" alt=\"\" class=\"wp-image-814\" srcset=\"https:\/\/nelidasaiz.es\/wp-content\/uploads\/2023\/08\/4M2A1697-1-1024x676.jpg 1024w, https:\/\/nelidasaiz.es\/wp-content\/uploads\/2023\/08\/4M2A1697-1-300x198.jpg 300w, https:\/\/nelidasaiz.es\/wp-content\/uploads\/2023\/08\/4M2A1697-1-768x507.jpg 768w, https:\/\/nelidasaiz.es\/wp-content\/uploads\/2023\/08\/4M2A1697-1-1536x1014.jpg 1536w, https:\/\/nelidasaiz.es\/wp-content\/uploads\/2023\/08\/4M2A1697-1-2048x1351.jpg 2048w\" sizes=\"auto, (max-width: 1024px) 100vw, 1024px\" \/><\/figure>\n\n\n\n<figure class=\"wp-block-image size-large\"><img loading=\"lazy\" decoding=\"async\" width=\"2560\" height=\"1689\" data-id=\"816\" src=\"http:\/\/nelidasaiz.es\/wp-content\/uploads\/2023\/08\/4M2A6607-edited-scaled.jpg\" alt=\"\" class=\"wp-image-816\" srcset=\"https:\/\/nelidasaiz.es\/wp-content\/uploads\/2023\/08\/4M2A6607-edited-scaled.jpg 2560w, https:\/\/nelidasaiz.es\/wp-content\/uploads\/2023\/08\/4M2A6607-edited-300x198.jpg 300w, https:\/\/nelidasaiz.es\/wp-content\/uploads\/2023\/08\/4M2A6607-edited-1024x676.jpg 1024w, https:\/\/nelidasaiz.es\/wp-content\/uploads\/2023\/08\/4M2A6607-edited-768x507.jpg 768w, https:\/\/nelidasaiz.es\/wp-content\/uploads\/2023\/08\/4M2A6607-edited-1536x1014.jpg 1536w, https:\/\/nelidasaiz.es\/wp-content\/uploads\/2023\/08\/4M2A6607-edited-2048x1351.jpg 2048w\" sizes=\"auto, (max-width: 2560px) 100vw, 2560px\" \/><\/figure>\n\n\n\n<figure class=\"wp-block-image alignfull size-large\"><img loading=\"lazy\" decoding=\"async\" width=\"1024\" height=\"683\" data-id=\"817\" src=\"http:\/\/nelidasaiz.es\/wp-content\/uploads\/2023\/08\/4M2A8718-1024x683.jpg\" alt=\"\" class=\"wp-image-817\" srcset=\"https:\/\/nelidasaiz.es\/wp-content\/uploads\/2023\/08\/4M2A8718-1024x683.jpg 1024w, https:\/\/nelidasaiz.es\/wp-content\/uploads\/2023\/08\/4M2A8718-300x200.jpg 300w, https:\/\/nelidasaiz.es\/wp-content\/uploads\/2023\/08\/4M2A8718-768x512.jpg 768w, https:\/\/nelidasaiz.es\/wp-content\/uploads\/2023\/08\/4M2A8718-1536x1025.jpg 1536w, https:\/\/nelidasaiz.es\/wp-content\/uploads\/2023\/08\/4M2A8718.jpg 1890w\" sizes=\"auto, (max-width: 1024px) 100vw, 1024px\" \/><\/figure>\n\n\n\n<figure class=\"wp-block-image size-large\"><img loading=\"lazy\" decoding=\"async\" width=\"1024\" height=\"768\" data-id=\"818\" src=\"http:\/\/nelidasaiz.es\/wp-content\/uploads\/2023\/08\/4M2A2450-1024x768.jpg\" alt=\"\" class=\"wp-image-818\" srcset=\"https:\/\/nelidasaiz.es\/wp-content\/uploads\/2023\/08\/4M2A2450-1024x768.jpg 1024w, https:\/\/nelidasaiz.es\/wp-content\/uploads\/2023\/08\/4M2A2450-300x225.jpg 300w, https:\/\/nelidasaiz.es\/wp-content\/uploads\/2023\/08\/4M2A2450-768x576.jpg 768w, https:\/\/nelidasaiz.es\/wp-content\/uploads\/2023\/08\/4M2A2450-1536x1152.jpg 1536w, https:\/\/nelidasaiz.es\/wp-content\/uploads\/2023\/08\/4M2A2450-2048x1536.jpg 2048w\" sizes=\"auto, (max-width: 1024px) 100vw, 1024px\" \/><\/figure>\n\n\n\n<figure class=\"wp-block-image size-large\"><img loading=\"lazy\" decoding=\"async\" width=\"1024\" height=\"683\" data-id=\"819\" src=\"http:\/\/nelidasaiz.es\/wp-content\/uploads\/2023\/08\/4M2A8831-1024x683.jpg\" alt=\"\" class=\"wp-image-819\" srcset=\"https:\/\/nelidasaiz.es\/wp-content\/uploads\/2023\/08\/4M2A8831-1024x683.jpg 1024w, https:\/\/nelidasaiz.es\/wp-content\/uploads\/2023\/08\/4M2A8831-300x200.jpg 300w, https:\/\/nelidasaiz.es\/wp-content\/uploads\/2023\/08\/4M2A8831-768x512.jpg 768w, https:\/\/nelidasaiz.es\/wp-content\/uploads\/2023\/08\/4M2A8831-1536x1025.jpg 1536w, https:\/\/nelidasaiz.es\/wp-content\/uploads\/2023\/08\/4M2A8831-2048x1366.jpg 2048w\" sizes=\"auto, (max-width: 1024px) 100vw, 1024px\" \/><\/figure>\n\n\n\n<figure class=\"wp-block-image size-large is-style-default\"><img loading=\"lazy\" decoding=\"async\" width=\"707\" height=\"1024\" data-id=\"811\" src=\"http:\/\/nelidasaiz.es\/wp-content\/uploads\/2023\/08\/EMBARAZO-CINTIA1442-707x1024.jpg\" alt=\"\" class=\"wp-image-811\" srcset=\"https:\/\/nelidasaiz.es\/wp-content\/uploads\/2023\/08\/EMBARAZO-CINTIA1442-707x1024.jpg 707w, https:\/\/nelidasaiz.es\/wp-content\/uploads\/2023\/08\/EMBARAZO-CINTIA1442-207x300.jpg 207w, https:\/\/nelidasaiz.es\/wp-content\/uploads\/2023\/08\/EMBARAZO-CINTIA1442-768x1112.jpg 768w, https:\/\/nelidasaiz.es\/wp-content\/uploads\/2023\/08\/EMBARAZO-CINTIA1442-1061x1536.jpg 1061w, https:\/\/nelidasaiz.es\/wp-content\/uploads\/2023\/08\/EMBARAZO-CINTIA1442.jpg 1365w\" sizes=\"auto, (max-width: 707px) 100vw, 707px\" \/><\/figure>\n\n\n\n<figure class=\"wp-block-image size-large\"><img loading=\"lazy\" decoding=\"async\" width=\"1024\" height=\"683\" data-id=\"822\" src=\"http:\/\/nelidasaiz.es\/wp-content\/uploads\/2023\/08\/06-CONVITE-HONOR-ANTONIO-PAULA-30535-1024x683.jpg\" alt=\"\" class=\"wp-image-822\" srcset=\"https:\/\/nelidasaiz.es\/wp-content\/uploads\/2023\/08\/06-CONVITE-HONOR-ANTONIO-PAULA-30535-1024x683.jpg 1024w, https:\/\/nelidasaiz.es\/wp-content\/uploads\/2023\/08\/06-CONVITE-HONOR-ANTONIO-PAULA-30535-300x200.jpg 300w, https:\/\/nelidasaiz.es\/wp-content\/uploads\/2023\/08\/06-CONVITE-HONOR-ANTONIO-PAULA-30535-768x512.jpg 768w, https:\/\/nelidasaiz.es\/wp-content\/uploads\/2023\/08\/06-CONVITE-HONOR-ANTONIO-PAULA-30535-1536x1024.jpg 1536w, https:\/\/nelidasaiz.es\/wp-content\/uploads\/2023\/08\/06-CONVITE-HONOR-ANTONIO-PAULA-30535-2048x1365.jpg 2048w\" sizes=\"auto, (max-width: 1024px) 100vw, 1024px\" \/><\/figure>\n\n\n\n<figure class=\"wp-block-image size-large\"><img loading=\"lazy\" decoding=\"async\" width=\"676\" height=\"1024\" data-id=\"821\" src=\"http:\/\/nelidasaiz.es\/wp-content\/uploads\/2023\/08\/4M2A3190-676x1024.jpg\" alt=\"\" class=\"wp-image-821\" srcset=\"https:\/\/nelidasaiz.es\/wp-content\/uploads\/2023\/08\/4M2A3190-676x1024.jpg 676w, https:\/\/nelidasaiz.es\/wp-content\/uploads\/2023\/08\/4M2A3190-198x300.jpg 198w, https:\/\/nelidasaiz.es\/wp-content\/uploads\/2023\/08\/4M2A3190-768x1164.jpg 768w, https:\/\/nelidasaiz.es\/wp-content\/uploads\/2023\/08\/4M2A3190-1014x1536.jpg 1014w, https:\/\/nelidasaiz.es\/wp-content\/uploads\/2023\/08\/4M2A3190-1351x2048.jpg 1351w, https:\/\/nelidasaiz.es\/wp-content\/uploads\/2023\/08\/4M2A3190-scaled.jpg 1689w\" sizes=\"auto, (max-width: 676px) 100vw, 676px\" \/><\/figure>\n<\/figure>\n\n\n\n<div class=\"wp-block-cover aligncenter is-light\" style=\"margin-top:var(--wp--preset--spacing--60);margin-bottom:var(--wp--preset--spacing--60);min-height:547px;aspect-ratio:unset;\"><span aria-hidden=\"true\" class=\"wp-block-cover__background has-background-dim-30 has-background-dim\"><\/span><img loading=\"lazy\" decoding=\"async\" width=\"2560\" height=\"1706\" class=\"wp-block-cover__image-background wp-image-823\" alt=\"\" src=\"http:\/\/nelidasaiz.es\/wp-content\/uploads\/2023\/08\/PORTADA04-scaled.jpg\" data-object-fit=\"cover\" srcset=\"https:\/\/nelidasaiz.es\/wp-content\/uploads\/2023\/08\/PORTADA04-scaled.jpg 2560w, https:\/\/nelidasaiz.es\/wp-content\/uploads\/2023\/08\/PORTADA04-300x200.jpg 300w, https:\/\/nelidasaiz.es\/wp-content\/uploads\/2023\/08\/PORTADA04-1024x683.jpg 1024w, https:\/\/nelidasaiz.es\/wp-content\/uploads\/2023\/08\/PORTADA04-768x512.jpg 768w, https:\/\/nelidasaiz.es\/wp-content\/uploads\/2023\/08\/PORTADA04-1536x1024.jpg 1536w, https:\/\/nelidasaiz.es\/wp-content\/uploads\/2023\/08\/PORTADA04-2048x1365.jpg 2048w\" sizes=\"auto, (max-width: 2560px) 100vw, 2560px\" \/><div class=\"wp-block-cover__inner-container is-layout-flow wp-container-core-cover-is-layout-db77a4c1 wp-block-cover-is-layout-flow\">\n<p><\/p>\n<\/div><\/div>\n\n\n\n<figure class=\"wp-block-gallery has-nested-images columns-default is-cropped wp-block-gallery-2 is-layout-flex wp-block-gallery-is-layout-flex\">\n<figure class=\"wp-block-image size-large\"><img loading=\"lazy\" decoding=\"async\" width=\"1024\" height=\"683\" data-id=\"893\" src=\"http:\/\/nelidasaiz.es\/wp-content\/uploads\/2023\/08\/05-MASEROS-AVIS-1368-1024x683.jpg\" alt=\"\" class=\"wp-image-893\" srcset=\"https:\/\/nelidasaiz.es\/wp-content\/uploads\/2023\/08\/05-MASEROS-AVIS-1368-1024x683.jpg 1024w, https:\/\/nelidasaiz.es\/wp-content\/uploads\/2023\/08\/05-MASEROS-AVIS-1368-300x200.jpg 300w, https:\/\/nelidasaiz.es\/wp-content\/uploads\/2023\/08\/05-MASEROS-AVIS-1368-768x512.jpg 768w, https:\/\/nelidasaiz.es\/wp-content\/uploads\/2023\/08\/05-MASEROS-AVIS-1368-1536x1024.jpg 1536w, https:\/\/nelidasaiz.es\/wp-content\/uploads\/2023\/08\/05-MASEROS-AVIS-1368-2048x1365.jpg 2048w\" sizes=\"auto, (max-width: 1024px) 100vw, 1024px\" \/><\/figure>\n\n\n\n<figure class=\"wp-block-image size-large\"><img loading=\"lazy\" decoding=\"async\" width=\"1024\" height=\"683\" data-id=\"888\" src=\"http:\/\/nelidasaiz.es\/wp-content\/uploads\/2023\/08\/4M2A5733-1024x683.jpg\" alt=\"\" class=\"wp-image-888\" srcset=\"https:\/\/nelidasaiz.es\/wp-content\/uploads\/2023\/08\/4M2A5733-1024x683.jpg 1024w, https:\/\/nelidasaiz.es\/wp-content\/uploads\/2023\/08\/4M2A5733-300x200.jpg 300w, https:\/\/nelidasaiz.es\/wp-content\/uploads\/2023\/08\/4M2A5733-768x512.jpg 768w, https:\/\/nelidasaiz.es\/wp-content\/uploads\/2023\/08\/4M2A5733-1536x1024.jpg 1536w, https:\/\/nelidasaiz.es\/wp-content\/uploads\/2023\/08\/4M2A5733-2048x1365.jpg 2048w\" sizes=\"auto, (max-width: 1024px) 100vw, 1024px\" \/><\/figure>\n\n\n\n<figure class=\"wp-block-image size-large\"><img loading=\"lazy\" decoding=\"async\" width=\"1024\" height=\"683\" data-id=\"891\" src=\"http:\/\/nelidasaiz.es\/wp-content\/uploads\/2023\/08\/10.3-CONTRABANDO-36540-1024x683.jpg\" alt=\"\" class=\"wp-image-891\" srcset=\"https:\/\/nelidasaiz.es\/wp-content\/uploads\/2023\/08\/10.3-CONTRABANDO-36540-1024x683.jpg 1024w, https:\/\/nelidasaiz.es\/wp-content\/uploads\/2023\/08\/10.3-CONTRABANDO-36540-300x200.jpg 300w, https:\/\/nelidasaiz.es\/wp-content\/uploads\/2023\/08\/10.3-CONTRABANDO-36540-768x512.jpg 768w, https:\/\/nelidasaiz.es\/wp-content\/uploads\/2023\/08\/10.3-CONTRABANDO-36540-1536x1024.jpg 1536w, https:\/\/nelidasaiz.es\/wp-content\/uploads\/2023\/08\/10.3-CONTRABANDO-36540-2048x1365.jpg 2048w\" sizes=\"auto, (max-width: 1024px) 100vw, 1024px\" \/><\/figure>\n\n\n\n<figure class=\"wp-block-image size-large\"><img loading=\"lazy\" decoding=\"async\" width=\"1024\" height=\"683\" data-id=\"890\" src=\"http:\/\/nelidasaiz.es\/wp-content\/uploads\/2023\/08\/07-FIESTAS-13A-PREPARACION-ENTRADA-LAURA-AVILES-37285-1024x683.jpg\" alt=\"\" class=\"wp-image-890\" srcset=\"https:\/\/nelidasaiz.es\/wp-content\/uploads\/2023\/08\/07-FIESTAS-13A-PREPARACION-ENTRADA-LAURA-AVILES-37285-1024x683.jpg 1024w, https:\/\/nelidasaiz.es\/wp-content\/uploads\/2023\/08\/07-FIESTAS-13A-PREPARACION-ENTRADA-LAURA-AVILES-37285-300x200.jpg 300w, https:\/\/nelidasaiz.es\/wp-content\/uploads\/2023\/08\/07-FIESTAS-13A-PREPARACION-ENTRADA-LAURA-AVILES-37285-768x512.jpg 768w, https:\/\/nelidasaiz.es\/wp-content\/uploads\/2023\/08\/07-FIESTAS-13A-PREPARACION-ENTRADA-LAURA-AVILES-37285-1536x1024.jpg 1536w, https:\/\/nelidasaiz.es\/wp-content\/uploads\/2023\/08\/07-FIESTAS-13A-PREPARACION-ENTRADA-LAURA-AVILES-37285-2048x1365.jpg 2048w\" sizes=\"auto, (max-width: 1024px) 100vw, 1024px\" \/><\/figure>\n\n\n\n<figure class=\"wp-block-image size-large\"><img loading=\"lazy\" decoding=\"async\" width=\"683\" height=\"1024\" data-id=\"889\" src=\"http:\/\/nelidasaiz.es\/wp-content\/uploads\/2023\/08\/ENTRADA-2474-683x1024.jpg\" alt=\"\" class=\"wp-image-889\" srcset=\"https:\/\/nelidasaiz.es\/wp-content\/uploads\/2023\/08\/ENTRADA-2474-683x1024.jpg 683w, https:\/\/nelidasaiz.es\/wp-content\/uploads\/2023\/08\/ENTRADA-2474-200x300.jpg 200w, https:\/\/nelidasaiz.es\/wp-content\/uploads\/2023\/08\/ENTRADA-2474-768x1152.jpg 768w, https:\/\/nelidasaiz.es\/wp-content\/uploads\/2023\/08\/ENTRADA-2474-1024x1536.jpg 1024w, https:\/\/nelidasaiz.es\/wp-content\/uploads\/2023\/08\/ENTRADA-2474-1365x2048.jpg 1365w, https:\/\/nelidasaiz.es\/wp-content\/uploads\/2023\/08\/ENTRADA-2474-scaled.jpg 1707w\" sizes=\"auto, (max-width: 683px) 100vw, 683px\" \/><\/figure>\n<\/figure>\n\n\n\n<div class=\"wp-block-columns is-layout-flex wp-container-core-columns-is-layout-28f84493 wp-block-columns-is-layout-flex\">\n<div class=\"wp-block-column is-layout-flow wp-block-column-is-layout-flow\" style=\"flex-basis:25%\"><\/div>\n\n\n\n<div class=\"wp-block-column is-layout-flow wp-block-column-is-layout-flow\" style=\"flex-basis:50%\">\n<div class=\"wp-block-buttons is-content-justification-center is-layout-flex wp-container-core-buttons-is-layout-a89b3969 wp-block-buttons-is-layout-flex\">\n<div class=\"wp-block-button has-custom-width wp-block-button__width-75\"><a class=\"wp-block-button__link wp-element-button\" href=\"https:\/\/www.instagram.com\/nelidasaizfotografia\/?hl=es\">VER  INSTAGRAM<\/a><\/div>\n<\/div>\n<\/div>\n\n\n\n<div class=\"wp-block-column is-layout-flow wp-block-column-is-layout-flow\" style=\"flex-basis:25%\"><\/div>\n<\/div>\n","protected":false},"excerpt":{"rendered":"<p>Llevo m\u00e1s de 10 a\u00f1os capturando los mejores momentos de vuestra vida. Y, para m\u00ed no hay mejor recuerdo que una buena fotograf\u00eda. Vuelco toda la pasi\u00f3n para entregar la excelencia en cada uno de los encargos que realizo y, es ah\u00ed donde reside la clave del \u00e9xito.<\/p>\n","protected":false},"author":1,"featured_media":0,"parent":0,"menu_order":0,"comment_status":"closed","ping_status":"closed","template":"","meta":{"footnotes":""},"class_list":["post-21","page","type-page","status-publish","hentry"],"blocksy_meta":{"has_hero_section":"disabled"},"_links":{"self":[{"href":"https:\/\/nelidasaiz.es\/index.php?rest_route=\/wp\/v2\/pages\/21","targetHints":{"allow":["GET"]}}],"collection":[{"href":"https:\/\/nelidasaiz.es\/index.php?rest_route=\/wp\/v2\/pages"}],"about":[{"href":"https:\/\/nelidasaiz.es\/index.php?rest_route=\/wp\/v2\/types\/page"}],"author":[{"embeddable":true,"href":"https:\/\/nelidasaiz.es\/index.php?rest_route=\/wp\/v2\/users\/1"}],"replies":[{"embeddable":true,"href":"https:\/\/nelidasaiz.es\/index.php?rest_route=%2Fwp%2Fv2%2Fcomments&post=21"}],"version-history":[{"count":27,"href":"https:\/\/nelidasaiz.es\/index.php?rest_route=\/wp\/v2\/pages\/21\/revisions"}],"predecessor-version":[{"id":895,"href":"https:\/\/nelidasaiz.es\/index.php?rest_route=\/wp\/v2\/pages\/21\/revisions\/895"}],"wp:attachment":[{"href":"https:\/\/nelidasaiz.es\/index.php?rest_route=%2Fwp%2Fv2%2Fmedia&parent=21"}],"curies":[{"name":"wp","href":"https:\/\/api.w.org\/{rel}","templated":true}]}}